{"id":13,"date":"2025-05-04T21:31:34","date_gmt":"2025-05-04T19:31:34","guid":{"rendered":"https:\/\/marc-moro.com\/?page_id=13"},"modified":"2025-05-14T13:58:42","modified_gmt":"2025-05-14T11:58:42","slug":"creez-votre-site-avec-des-blocs","status":"publish","type":"page","link":"https:\/\/marc-moro.com\/","title":{"rendered":""},"content":{"rendered":"\t\t<div data-elementor-type=\"wp-page\" data-elementor-id=\"13\" class=\"elementor elementor-13\">\n\t\t\t\t<div class=\"elementor-element elementor-element-62c1f30 e-flex e-con-boxed e-con e-parent\" data-id=\"62c1f30\" data-element_type=\"container\">\n\t\t\t\t\t<div class=\"e-con-inner\">\n\t\t\t\t<div class=\"elementor-element elementor-element-033f9e0 elementor-widget elementor-widget-text-editor\" data-id=\"033f9e0\" data-element_type=\"widget\" data-widget_type=\"text-editor.default\">\n\t\t\t\t<div class=\"elementor-widget-container\">\n\t\t\t\t\t\t\t\t\t<p>Marc Moro nous a quitt\u00e9 le 1er mai 2025. Cette page est temporaire, car un nouveau site lui sera consacr\u00e9 tr\u00e8s prochainement, mais en attendant, voici quelques images, mais surtout des extraits de ses \u00e9crits sur la mort.<\/p>\t\t\t\t\t\t\t\t<\/div>\n\t\t\t\t<\/div>\n\t\t\t\t<div class=\"elementor-element elementor-element-e8d9221 elementor-widget__width-auto elementor-widget elementor-widget-image\" data-id=\"e8d9221\" data-element_type=\"widget\" data-widget_type=\"image.default\">\n\t\t\t\t<div class=\"elementor-widget-container\">\n\t\t\t\t\t\t\t\t\t\t\t\t\t\t\t<img fetchpriority=\"high\" decoding=\"async\" width=\"580\" height=\"580\" src=\"https:\/\/marc-moro.com\/wp-content\/uploads\/2025\/05\/mm_patchwork_01-768x768-2.jpg\" class=\"attachment-medium_large size-medium_large wp-image-183\" alt=\"\" srcset=\"https:\/\/marc-moro.com\/wp-content\/uploads\/2025\/05\/mm_patchwork_01-768x768-2.jpg 768w, https:\/\/marc-moro.com\/wp-content\/uploads\/2025\/05\/mm_patchwork_01-768x768-2-300x300.jpg 300w, https:\/\/marc-moro.com\/wp-content\/uploads\/2025\/05\/mm_patchwork_01-768x768-2-150x150.jpg 150w\" sizes=\"(max-width: 580px) 100vw, 580px\" \/>\t\t\t\t\t\t\t\t\t\t\t\t\t\t\t<\/div>\n\t\t\t\t<\/div>\n\t\t\t\t\t<\/div>\n\t\t\t\t<\/div>\n\t\t<div class=\"elementor-element elementor-element-950b893 e-flex e-con-boxed e-con e-parent\" data-id=\"950b893\" data-element_type=\"container\">\n\t\t\t\t\t<div class=\"e-con-inner\">\n\t\t\t\t<div class=\"elementor-element elementor-element-fb9e9b7 elementor-widget elementor-widget-text-editor\" data-id=\"fb9e9b7\" data-element_type=\"widget\" data-widget_type=\"text-editor.default\">\n\t\t\t\t<div class=\"elementor-widget-container\">\n\t\t\t\t\t\t\t\t\t<p>(Extraits de Pendant la mort la vie continue une pi\u00e8ce de Marc Moro)<br \/><em>Toutes les formes de maladies sont mortelles, et comme la mort est contagieuse,<\/em><br \/><em>laissons faire le destin\u00a0&#8230;<\/em><\/p>\t\t\t\t\t\t\t\t<\/div>\n\t\t\t\t<\/div>\n\t\t\t\t<div class=\"elementor-element elementor-element-091b17b elementor-widget elementor-widget-text-editor\" data-id=\"091b17b\" data-element_type=\"widget\" data-widget_type=\"text-editor.default\">\n\t\t\t\t<div class=\"elementor-widget-container\">\n\t\t\t\t\t\t\t\t\t<p><em>On se dit la Mort<\/em><br \/><em><span style=\"font-size: inherit; text-align: inherit;\">Que de temps qui passe<br \/><\/span><span style=\"font-size: inherit; text-align: inherit;\">On se dit la Mort<br \/><\/span><span style=\"font-size: inherit; text-align: inherit;\">Que de temps perdu<br \/><\/span><span style=\"font-size: inherit; text-align: inherit;\">N\u2019en parlons plus !<br \/><\/span><span style=\"font-size: inherit; text-align: inherit;\">Ce n\u2019est pas tout de mourir. Il faut mourir \u00e0 temps.<\/span><\/em><\/p>\t\t\t\t\t\t\t\t<\/div>\n\t\t\t\t<\/div>\n\t\t\t\t<div class=\"elementor-element elementor-element-5e100ca elementor-widget elementor-widget-text-editor\" data-id=\"5e100ca\" data-element_type=\"widget\" data-widget_type=\"text-editor.default\">\n\t\t\t\t<div class=\"elementor-widget-container\">\n\t\t\t\t\t\t\t\t\t<p><em>Pourquoi qu\u2019on claque<\/em><br \/><em><span style=\"font-size: inherit; text-align: inherit;\">Et que les chiens aussi s\u2019en vont<br \/><\/span><span style=\"font-size: inherit; text-align: inherit;\">Comme des bulles de savon \u2026<\/span><\/em><\/p>\t\t\t\t\t\t\t\t<\/div>\n\t\t\t\t<\/div>\n\t\t\t\t<div class=\"elementor-element elementor-element-7266803 elementor-widget elementor-widget-text-editor\" data-id=\"7266803\" data-element_type=\"widget\" data-widget_type=\"text-editor.default\">\n\t\t\t\t<div class=\"elementor-widget-container\">\n\t\t\t\t\t\t\t\t\t<p><em>Plus les vivants pensent aux morts,<\/em><br \/><em>Et plus les morts sont heureux.<\/em><br \/><em>A l&#8217;inverse, c&#8217;est un peu diff\u00e9rent.<\/em><\/p>\t\t\t\t\t\t\t\t<\/div>\n\t\t\t\t<\/div>\n\t\t\t\t<div class=\"elementor-element elementor-element-41bcefd elementor-widget elementor-widget-text-editor\" data-id=\"41bcefd\" data-element_type=\"widget\" data-widget_type=\"text-editor.default\">\n\t\t\t\t<div class=\"elementor-widget-container\">\n\t\t\t\t\t\t\t\t\t<p>(Voici un des derniers textes qu\u2019il a \u00e9crit \ud83d\ude42<br \/><em>Un jour, une nuit, la mort va frapper. La Mort \u00e9tant polie, elle frappe toujours<\/em><em>avant d&#8217;entrer. Alors, n&#8217;ouvrez pas, pas tout de suite. Rassurez-vous, rassurez-<\/em><em>vous, elle reviendra\u2026 Si vous ne voulez pas \u00eatre d\u00e9rang\u00e9, laissez donc la porte<\/em><br \/><em>entrouverte.\u00a0\u00a0\u00a0\u00a0\u00a0\u00a0\u00a0\u00a0\u00a0\u00a0\u00a0\u00a0\u00a0\u00a0\u00a0\u00a0<\/em> <br \/>(Marc Moro, Paris 2019)<\/p>\t\t\t\t\t\t\t\t<\/div>\n\t\t\t\t<\/div>\n\t\t\t\t\t<\/div>\n\t\t\t\t<\/div>\n\t\t<div class=\"elementor-element elementor-element-86206d6 e-flex e-con-boxed e-con e-parent\" data-id=\"86206d6\" data-element_type=\"container\">\n\t\t\t\t\t<div class=\"e-con-inner\">\n\t\t\t\t<div class=\"elementor-element elementor-element-249a23c elementor-widget elementor-widget-text-editor\" data-id=\"249a23c\" data-element_type=\"widget\" data-widget_type=\"text-editor.default\">\n\t\t\t\t<div class=\"elementor-widget-container\">\n\t\t\t\t\t\t\t\t\t<p><em>Je suis n\u00e9 dans un chou<\/em><br \/><em>Et, vous aussi, souvenez-vous<\/em><br \/><em>Y\u2019avait de l\u2019eau partout<\/em><br \/><em>Je nageais dans le sang, la boue<\/em><\/p>\n<p><em>Le docteur a coup\u00e9 le tuyau<\/em><br \/><em>J\u2019suis rest\u00e9 seul sur mon radeau.<\/em><br \/><em>Je suis n\u00e9 dans un chou<\/em><br \/><em>J\u2019finirais p\u2019t\u00eatre sous un caillou \u2026\u00a0?<br \/>Mais avant je vais faire joujou.<br \/>(Areu=mc2)<\/em><br \/><br \/><\/p>\t\t\t\t\t\t\t\t<\/div>\n\t\t\t\t<\/div>\n\t\t\t\t\t<\/div>\n\t\t\t\t<\/div>\n\t\t<div class=\"elementor-element elementor-element-65f0694 e-flex e-con-boxed e-con e-parent\" data-id=\"65f0694\" data-element_type=\"container\">\n\t\t\t\t\t<div class=\"e-con-inner\">\n\t\t\t\t<div class=\"elementor-element elementor-element-a72b7ca elementor-widget elementor-widget-video\" data-id=\"a72b7ca\" data-element_type=\"widget\" data-settings=\"{&quot;youtube_url&quot;:&quot;https:\\\/\\\/youtu.be\\\/_KN133_Laos&quot;,&quot;start&quot;:147,&quot;video_type&quot;:&quot;youtube&quot;,&quot;controls&quot;:&quot;yes&quot;}\" data-widget_type=\"video.default\">\n\t\t\t\t<div class=\"elementor-widget-container\">\n\t\t\t\t\t\t\t<div class=\"elementor-wrapper elementor-open-inline\">\n\t\t\t<div class=\"elementor-video\"><\/div>\t\t<\/div>\n\t\t\t\t\t\t<\/div>\n\t\t\t\t<\/div>\n\t\t\t\t\t<\/div>\n\t\t\t\t<\/div>\n\t\t\t\t<\/div>\n\t\t","protected":false},"excerpt":{"rendered":"<p>Marc Moro nous a quitt\u00e9 le 1er mai 2025. Cette page est temporaire, car un nouveau site lui sera consacr\u00e9 tr\u00e8s prochainement, mais en attendant, voici quelques images, mais surtout des extraits de ses \u00e9crits sur la mort. (Extraits de Pendant la mort la vie continue une pi\u00e8ce de Marc Moro)Toutes les formes de maladies [&hellip;]<\/p>\n","protected":false},"author":3,"featured_media":0,"parent":0,"menu_order":0,"comment_status":"closed","ping_status":"closed","template":"","meta":{"footnotes":""},"class_list":["post-13","page","type-page","status-publish","hentry"],"_links":{"self":[{"href":"https:\/\/marc-moro.com\/index.php\/wp-json\/wp\/v2\/pages\/13","targetHints":{"allow":["GET"]}}],"collection":[{"href":"https:\/\/marc-moro.com\/index.php\/wp-json\/wp\/v2\/pages"}],"about":[{"href":"https:\/\/marc-moro.com\/index.php\/wp-json\/wp\/v2\/types\/page"}],"author":[{"embeddable":true,"href":"https:\/\/marc-moro.com\/index.php\/wp-json\/wp\/v2\/users\/3"}],"replies":[{"embeddable":true,"href":"https:\/\/marc-moro.com\/index.php\/wp-json\/wp\/v2\/comments?post=13"}],"version-history":[{"count":104,"href":"https:\/\/marc-moro.com\/index.php\/wp-json\/wp\/v2\/pages\/13\/revisions"}],"predecessor-version":[{"id":189,"href":"https:\/\/marc-moro.com\/index.php\/wp-json\/wp\/v2\/pages\/13\/revisions\/189"}],"wp:attachment":[{"href":"https:\/\/marc-moro.com\/index.php\/wp-json\/wp\/v2\/media?parent=13"}],"curies":[{"name":"wp","href":"https:\/\/api.w.org\/{rel}","templated":true}]}}