{"id":14,"date":"2025-05-04T21:31:34","date_gmt":"2025-05-04T19:31:34","guid":{"rendered":"https:\/\/marc-moro.com\/?page_id=14"},"modified":"2025-05-06T18:57:28","modified_gmt":"2025-05-06T16:57:28","slug":"a-propos-de","status":"publish","type":"page","link":"https:\/\/marc-moro.com\/index.php\/a-propos-de\/","title":{"rendered":"\u00c0 propos de"},"content":{"rendered":"\n<p>Marc Moro \u00e9tait un artiste aux multiples talents : auteur dramatique, com\u00e9dien, chanteur, parolier, compositeur et com\u00e9dien de doublage. Sa carri\u00e8re, riche et vari\u00e9e, a marqu\u00e9 le paysage culturel fran\u00e7ais pendant plusieurs d\u00e9cennies.<\/p>\n\n\n\n<h3 class=\"wp-block-heading\">Auteur dramatique et com\u00e9dien<\/h3>\n\n\n\n<p>Marc Moro a connu un immense succ\u00e8s au caf\u00e9-th\u00e9\u00e2tre avec la pi\u00e8ce <strong>Areu = MC\u00b2<\/strong>, co\u00e9crite et interpr\u00e9t\u00e9e aux c\u00f4t\u00e9s de G\u00e9rard Hernandez. Cette com\u00e9die pleine d&#8217;humour et de po\u00e9sie a \u00e9t\u00e9 jou\u00e9e \u00e0 Paris de 1979 \u00e0 1991, avec une affiche dessin\u00e9e par Cabu. La pi\u00e8ce a \u00e9t\u00e9 reprise \u00e0 plusieurs reprises en France et \u00e0 l&#8217;\u00e9tranger. Elle est aujourd&#8217;hui disponible en streaming de qualit\u00e9 sur Madelen et en int\u00e9gralit\u00e9 sur YouTube.<\/p>\n\n\n\n<h3 class=\"wp-block-heading\">Chanteur, parolier et compositeur<\/h3>\n\n\n\n<p>Sous le pseudonyme de <strong>Mc Ormor<\/strong>, Marc Moro a collabor\u00e9 avec Jacques Higelin, \u00e9crivant notamment le tube <strong>Priez pour Saint-Germain-des-Pr\u00e9s<\/strong>. Il a \u00e9galement sorti des albums solos, dont un o\u00f9 il interpr\u00e8te lui-m\u00eame cette chanson embl\u00e9matique, reflet d&#8217;une \u00e9poque. Sa carri\u00e8re musicale est partiellement r\u00e9sum\u00e9e sur le site de la M\u00e9diath\u00e8que de la Communaut\u00e9 fran\u00e7aise de Belgique.<\/p>\n\n\n\n<h3 class=\"wp-block-heading\">Acteur au cin\u00e9ma et \u00e0 la t\u00e9l\u00e9vision<\/h3>\n\n\n\n<p>Marc Moro a jou\u00e9 dans de nombreuses \u0153uvres cin\u00e9matographiques et t\u00e9l\u00e9visuelles, telles que <strong>Rouletabille<\/strong>, <strong>Navarro<\/strong> et ses propres pi\u00e8ces de th\u00e9\u00e2tre comme <strong>La Planque<\/strong>. Son talent d&#8217;acteur s&#8217;est exprim\u00e9 aussi bien sur les planches que devant la cam\u00e9ra.<\/p>\n\n\n\n<h3 class=\"wp-block-heading\">Com\u00e9dien de doublage<\/h3>\n\n\n\n<p>Marc Moro est \u00e9galement reconnu pour ses innombrables doublages, notamment dans des dessins anim\u00e9s cultes et des jeux vid\u00e9o \u00e0 succ\u00e8s. Il a pr\u00eat\u00e9 sa voix au grand m\u00e9chant <strong>Maxagaz<\/strong> dans le dessin anim\u00e9 <strong>Les Mondes Engloutis<\/strong>, ainsi qu&#8217;\u00e0 des dizaines de personnages dans <strong>Les Aventures de Tintin<\/strong>, tels que Allan Thompson, le colonel Jorgen et le colonel Sponsz. Il a aussi doubl\u00e9 des acteurs connus et des personnages r\u00e9currents de s\u00e9ries t\u00e9l\u00e9vis\u00e9es, comme Nat David, le p\u00e8re dans <strong>Larry et son nombril<\/strong>.<\/p>\n\n\n\n<p><\/p>\n","protected":false},"excerpt":{"rendered":"<p>Marc Moro \u00e9tait un artiste aux multiples talents : auteur dramatique, com\u00e9dien, chanteur, parolier, compositeur et com\u00e9dien de doublage. Sa carri\u00e8re, riche et vari\u00e9e, a marqu\u00e9 le paysage culturel fran\u00e7ais pendant plusieurs d\u00e9cennies. Auteur dramatique et com\u00e9dien Marc Moro a connu un immense succ\u00e8s au caf\u00e9-th\u00e9\u00e2tre avec la pi\u00e8ce Areu = MC\u00b2, co\u00e9crite et interpr\u00e9t\u00e9e [&hellip;]<\/p>\n","protected":false},"author":3,"featured_media":0,"parent":0,"menu_order":0,"comment_status":"closed","ping_status":"closed","template":"","meta":{"footnotes":""},"class_list":["post-14","page","type-page","status-publish","hentry"],"_links":{"self":[{"href":"https:\/\/marc-moro.com\/index.php\/wp-json\/wp\/v2\/pages\/14","targetHints":{"allow":["GET"]}}],"collection":[{"href":"https:\/\/marc-moro.com\/index.php\/wp-json\/wp\/v2\/pages"}],"about":[{"href":"https:\/\/marc-moro.com\/index.php\/wp-json\/wp\/v2\/types\/page"}],"author":[{"embeddable":true,"href":"https:\/\/marc-moro.com\/index.php\/wp-json\/wp\/v2\/users\/3"}],"replies":[{"embeddable":true,"href":"https:\/\/marc-moro.com\/index.php\/wp-json\/wp\/v2\/comments?post=14"}],"version-history":[{"count":2,"href":"https:\/\/marc-moro.com\/index.php\/wp-json\/wp\/v2\/pages\/14\/revisions"}],"predecessor-version":[{"id":52,"href":"https:\/\/marc-moro.com\/index.php\/wp-json\/wp\/v2\/pages\/14\/revisions\/52"}],"wp:attachment":[{"href":"https:\/\/marc-moro.com\/index.php\/wp-json\/wp\/v2\/media?parent=14"}],"curies":[{"name":"wp","href":"https:\/\/api.w.org\/{rel}","templated":true}]}}